{"id":845,"date":"2021-06-14T08:28:36","date_gmt":"2021-06-14T06:28:36","guid":{"rendered":"https:\/\/komshe.com\/sr\/?post_type=product&#038;p=845"},"modified":"2022-03-05T16:26:26","modified_gmt":"2022-03-05T15:26:26","slug":"ljubav-oko-svijeta","status":"publish","type":"product","link":"https:\/\/komshe.com\/sr\/product\/ljubav-oko-svijeta\/","title":{"rendered":"Ljubav oko svijeta"},"content":{"rendered":"","protected":false},"excerpt":{"rendered":"<p>Knjiga &#8222;Ljubav oko svijeta&#8220; autora Rostuhara najnovije je izdanje KEK-a.<br \/>\nNakon \u0161to su se An\u0111ela i Davor vjen\u010dali, oti\u0161li su na neuobi\u010dajen medeni mjesec \u2013 godinu dana putovali su oko svijeta i istra\u017eivali ljubav kroz razne kulture. Put ih je vodio preko \u0161est kontinenata i 30 zemalja, od Bu\u0161mana iz afri\u010dke pustinje do urbanih parova najve\u0107ih svjetskih metropola, od tradicionalnih poligamijskih harema do modernih poliamornih zajednica, od lovaca i sakuplja\u010da iz amazonske pra\u0161ume do plemena s dalekih rajskih obala Pacifika, od ljudi koji nikad nisu na\u0161li ljubav, do onih koji su u ljubavi na\u0161li sve. Razgovarali su i s renomiranim svjetskim znanstvenicima te putuju\u0107i kroz brojne izazove secirali i vlastiti odnos, sve ne bi li saznali \u0161to je zapravo ljubav i je li ona univerzalna. Rezultat je, rije\u010dima urednika Krune Lokotara: &#8222;knjiga koja lije\u010di ljubavlju i koja poku\u0161ava ljubav izlije\u010diti&#8220;.<\/p>\n<hr \/>\n<p>Jezik: <strong>Hrvatski<\/strong><br \/>\nObjavljeno: <strong>2021.<\/strong><br \/>\nAutor: <strong>Davor Rostuhar<\/strong><br \/>\nFormat: <strong>400 stranica, 24\u00d717 cm, tvrdi povez<\/strong><\/p>\n<p>&nbsp;<\/p>\n","protected":false},"featured_media":834,"template":"","meta":[],"product_brand":[],"product_cat":[45],"product_tag":[],"class_list":{"0":"post-845","1":"product","2":"type-product","3":"status-publish","4":"has-post-thumbnail","6":"product_cat-davor-rostuhar","8":"first","9":"instock","10":"shipping-taxable","11":"purchasable","12":"product-type-simple"},"yoast_head":"<!-- This site is optimized with the Yoast SEO plugin v27.4 - https:\/\/yoast.com\/product\/yoast-seo-wordpress\/ -->\n<title>Ljubav oko svijeta - Komshe SRB<\/title>\n<meta name=\"robots\" content=\"index, follow, max-snippet:-1, max-image-preview:large, max-video-preview:-1\" \/>\n<link rel=\"canonical\" href=\"https:\/\/komshe.com\/sr\/product\/ljubav-oko-svijeta\/\" \/>\n<meta property=\"og:locale\" content=\"sr_RS\" \/>\n<meta property=\"og:type\" content=\"article\" \/>\n<meta property=\"og:title\" content=\"Ljubav oko svijeta - Komshe SRB\" \/>\n<meta property=\"og:description\" content=\"Knjiga &quot;Ljubav oko svijeta&quot; autora Rostuhara najnovije je izdanje KEK-a. Nakon \u0161to su se An\u0111ela i Davor vjen\u010dali, oti\u0161li su na neuobi\u010dajen medeni mjesec \u2013 godinu dana putovali su oko svijeta i istra\u017eivali ljubav kroz razne kulture. Put ih je vodio preko \u0161est kontinenata i 30 zemalja, od Bu\u0161mana iz afri\u010dke pustinje do urbanih parova najve\u0107ih svjetskih metropola, od tradicionalnih poligamijskih harema do modernih poliamornih zajednica, od lovaca i sakuplja\u010da iz amazonske pra\u0161ume do plemena s dalekih rajskih obala Pacifika, od ljudi koji nikad nisu na\u0161li ljubav, do onih koji su u ljubavi na\u0161li sve. Razgovarali su i s renomiranim svjetskim znanstvenicima te putuju\u0107i kroz brojne izazove secirali i vlastiti odnos, sve ne bi li saznali \u0161to je zapravo ljubav i je li ona univerzalna. Rezultat je, rije\u010dima urednika Krune Lokotara: &quot;knjiga koja lije\u010di ljubavlju i koja poku\u0161ava ljubav izlije\u010diti&quot;.    Jezik: Hrvatski Objavljeno: 2021. Autor: Davor Rostuhar Format: 400 stranica, 24\u00d717 cm, tvrdi povez  &nbsp;\" \/>\n<meta property=\"og:url\" content=\"https:\/\/komshe.com\/sr\/product\/ljubav-oko-svijeta\/\" \/>\n<meta property=\"og:site_name\" content=\"Komshe SRB\" \/>\n<meta property=\"article:modified_time\" content=\"2022-03-05T15:26:26+00:00\" \/>\n<meta property=\"og:image\" content=\"http:\/\/komshe.com\/sr\/wp-content\/uploads\/sites\/2\/2021\/06\/Ljubav-oko-svijeta.jpg\" \/>\n\t<meta property=\"og:image:width\" content=\"600\" \/>\n\t<meta property=\"og:image:height\" content=\"600\" \/>\n\t<meta property=\"og:image:type\" content=\"image\/jpeg\" \/>\n<meta name=\"twitter:card\" content=\"summary_large_image\" \/>\n<script type=\"application\/ld+json\" class=\"yoast-schema-graph\">{\"@context\":\"https:\\\/\\\/schema.org\",\"@graph\":[{\"@type\":\"WebPage\",\"@id\":\"https:\\\/\\\/komshe.com\\\/sr\\\/product\\\/ljubav-oko-svijeta\\\/\",\"url\":\"https:\\\/\\\/komshe.com\\\/sr\\\/product\\\/ljubav-oko-svijeta\\\/\",\"name\":\"Ljubav oko svijeta - Komshe SRB\",\"isPartOf\":{\"@id\":\"https:\\\/\\\/komshe.com\\\/sr\\\/#website\"},\"primaryImageOfPage\":{\"@id\":\"https:\\\/\\\/komshe.com\\\/sr\\\/product\\\/ljubav-oko-svijeta\\\/#primaryimage\"},\"image\":{\"@id\":\"https:\\\/\\\/komshe.com\\\/sr\\\/product\\\/ljubav-oko-svijeta\\\/#primaryimage\"},\"thumbnailUrl\":\"https:\\\/\\\/komshe.com\\\/sr\\\/wp-content\\\/uploads\\\/sites\\\/2\\\/2021\\\/06\\\/Ljubav-oko-svijeta.jpg\",\"datePublished\":\"2021-06-14T06:28:36+00:00\",\"dateModified\":\"2022-03-05T15:26:26+00:00\",\"breadcrumb\":{\"@id\":\"https:\\\/\\\/komshe.com\\\/sr\\\/product\\\/ljubav-oko-svijeta\\\/#breadcrumb\"},\"inLanguage\":\"sr-RS\",\"potentialAction\":[{\"@type\":\"ReadAction\",\"target\":[\"https:\\\/\\\/komshe.com\\\/sr\\\/product\\\/ljubav-oko-svijeta\\\/\"]}]},{\"@type\":\"ImageObject\",\"inLanguage\":\"sr-RS\",\"@id\":\"https:\\\/\\\/komshe.com\\\/sr\\\/product\\\/ljubav-oko-svijeta\\\/#primaryimage\",\"url\":\"https:\\\/\\\/komshe.com\\\/sr\\\/wp-content\\\/uploads\\\/sites\\\/2\\\/2021\\\/06\\\/Ljubav-oko-svijeta.jpg\",\"contentUrl\":\"https:\\\/\\\/komshe.com\\\/sr\\\/wp-content\\\/uploads\\\/sites\\\/2\\\/2021\\\/06\\\/Ljubav-oko-svijeta.jpg\",\"width\":600,\"height\":600},{\"@type\":\"BreadcrumbList\",\"@id\":\"https:\\\/\\\/komshe.com\\\/sr\\\/product\\\/ljubav-oko-svijeta\\\/#breadcrumb\",\"itemListElement\":[{\"@type\":\"ListItem\",\"position\":1,\"name\":\"Home\",\"item\":\"https:\\\/\\\/komshe.com\\\/sr\\\/\"},{\"@type\":\"ListItem\",\"position\":2,\"name\":\"Prodavnica\",\"item\":\"https:\\\/\\\/komshe.com\\\/sr\\\/\"},{\"@type\":\"ListItem\",\"position\":3,\"name\":\"Ljubav oko svijeta\"}]},{\"@type\":\"WebSite\",\"@id\":\"https:\\\/\\\/komshe.com\\\/sr\\\/#website\",\"url\":\"https:\\\/\\\/komshe.com\\\/sr\\\/\",\"name\":\"Komshe SRB\",\"description\":\"Knjige koje \u0107ete voleti!\",\"potentialAction\":[{\"@type\":\"SearchAction\",\"target\":{\"@type\":\"EntryPoint\",\"urlTemplate\":\"https:\\\/\\\/komshe.com\\\/sr\\\/?s={search_term_string}\"},\"query-input\":{\"@type\":\"PropertyValueSpecification\",\"valueRequired\":true,\"valueName\":\"search_term_string\"}}],\"inLanguage\":\"sr-RS\"}]}<\/script>\n<!-- \/ Yoast SEO plugin. -->","yoast_head_json":{"title":"Ljubav oko svijeta - Komshe SRB","robots":{"index":"index","follow":"follow","max-snippet":"max-snippet:-1","max-image-preview":"max-image-preview:large","max-video-preview":"max-video-preview:-1"},"canonical":"https:\/\/komshe.com\/sr\/product\/ljubav-oko-svijeta\/","og_locale":"sr_RS","og_type":"article","og_title":"Ljubav oko svijeta - Komshe SRB","og_description":"Knjiga \"Ljubav oko svijeta\" autora Rostuhara najnovije je izdanje KEK-a. Nakon \u0161to su se An\u0111ela i Davor vjen\u010dali, oti\u0161li su na neuobi\u010dajen medeni mjesec \u2013 godinu dana putovali su oko svijeta i istra\u017eivali ljubav kroz razne kulture. Put ih je vodio preko \u0161est kontinenata i 30 zemalja, od Bu\u0161mana iz afri\u010dke pustinje do urbanih parova najve\u0107ih svjetskih metropola, od tradicionalnih poligamijskih harema do modernih poliamornih zajednica, od lovaca i sakuplja\u010da iz amazonske pra\u0161ume do plemena s dalekih rajskih obala Pacifika, od ljudi koji nikad nisu na\u0161li ljubav, do onih koji su u ljubavi na\u0161li sve. Razgovarali su i s renomiranim svjetskim znanstvenicima te putuju\u0107i kroz brojne izazove secirali i vlastiti odnos, sve ne bi li saznali \u0161to je zapravo ljubav i je li ona univerzalna. Rezultat je, rije\u010dima urednika Krune Lokotara: \"knjiga koja lije\u010di ljubavlju i koja poku\u0161ava ljubav izlije\u010diti\".    Jezik: Hrvatski Objavljeno: 2021. Autor: Davor Rostuhar Format: 400 stranica, 24\u00d717 cm, tvrdi povez  &nbsp;","og_url":"https:\/\/komshe.com\/sr\/product\/ljubav-oko-svijeta\/","og_site_name":"Komshe SRB","article_modified_time":"2022-03-05T15:26:26+00:00","og_image":[{"width":600,"height":600,"url":"http:\/\/komshe.com\/sr\/wp-content\/uploads\/sites\/2\/2021\/06\/Ljubav-oko-svijeta.jpg","type":"image\/jpeg"}],"twitter_card":"summary_large_image","schema":{"@context":"https:\/\/schema.org","@graph":[{"@type":"WebPage","@id":"https:\/\/komshe.com\/sr\/product\/ljubav-oko-svijeta\/","url":"https:\/\/komshe.com\/sr\/product\/ljubav-oko-svijeta\/","name":"Ljubav oko svijeta - Komshe SRB","isPartOf":{"@id":"https:\/\/komshe.com\/sr\/#website"},"primaryImageOfPage":{"@id":"https:\/\/komshe.com\/sr\/product\/ljubav-oko-svijeta\/#primaryimage"},"image":{"@id":"https:\/\/komshe.com\/sr\/product\/ljubav-oko-svijeta\/#primaryimage"},"thumbnailUrl":"https:\/\/komshe.com\/sr\/wp-content\/uploads\/sites\/2\/2021\/06\/Ljubav-oko-svijeta.jpg","datePublished":"2021-06-14T06:28:36+00:00","dateModified":"2022-03-05T15:26:26+00:00","breadcrumb":{"@id":"https:\/\/komshe.com\/sr\/product\/ljubav-oko-svijeta\/#breadcrumb"},"inLanguage":"sr-RS","potentialAction":[{"@type":"ReadAction","target":["https:\/\/komshe.com\/sr\/product\/ljubav-oko-svijeta\/"]}]},{"@type":"ImageObject","inLanguage":"sr-RS","@id":"https:\/\/komshe.com\/sr\/product\/ljubav-oko-svijeta\/#primaryimage","url":"https:\/\/komshe.com\/sr\/wp-content\/uploads\/sites\/2\/2021\/06\/Ljubav-oko-svijeta.jpg","contentUrl":"https:\/\/komshe.com\/sr\/wp-content\/uploads\/sites\/2\/2021\/06\/Ljubav-oko-svijeta.jpg","width":600,"height":600},{"@type":"BreadcrumbList","@id":"https:\/\/komshe.com\/sr\/product\/ljubav-oko-svijeta\/#breadcrumb","itemListElement":[{"@type":"ListItem","position":1,"name":"Home","item":"https:\/\/komshe.com\/sr\/"},{"@type":"ListItem","position":2,"name":"Prodavnica","item":"https:\/\/komshe.com\/sr\/"},{"@type":"ListItem","position":3,"name":"Ljubav oko svijeta"}]},{"@type":"WebSite","@id":"https:\/\/komshe.com\/sr\/#website","url":"https:\/\/komshe.com\/sr\/","name":"Komshe SRB","description":"Knjige koje \u0107ete voleti!","potentialAction":[{"@type":"SearchAction","target":{"@type":"EntryPoint","urlTemplate":"https:\/\/komshe.com\/sr\/?s={search_term_string}"},"query-input":{"@type":"PropertyValueSpecification","valueRequired":true,"valueName":"search_term_string"}}],"inLanguage":"sr-RS"}]}},"_links":{"self":[{"href":"https:\/\/komshe.com\/sr\/wp-json\/wp\/v2\/product\/845","targetHints":{"allow":["GET"]}}],"collection":[{"href":"https:\/\/komshe.com\/sr\/wp-json\/wp\/v2\/product"}],"about":[{"href":"https:\/\/komshe.com\/sr\/wp-json\/wp\/v2\/types\/product"}],"wp:featuredmedia":[{"embeddable":true,"href":"https:\/\/komshe.com\/sr\/wp-json\/wp\/v2\/media\/834"}],"wp:attachment":[{"href":"https:\/\/komshe.com\/sr\/wp-json\/wp\/v2\/media?parent=845"}],"wp:term":[{"taxonomy":"product_brand","embeddable":true,"href":"https:\/\/komshe.com\/sr\/wp-json\/wp\/v2\/product_brand?post=845"},{"taxonomy":"product_cat","embeddable":true,"href":"https:\/\/komshe.com\/sr\/wp-json\/wp\/v2\/product_cat?post=845"},{"taxonomy":"product_tag","embeddable":true,"href":"https:\/\/komshe.com\/sr\/wp-json\/wp\/v2\/product_tag?post=845"}],"curies":[{"name":"wp","href":"https:\/\/api.w.org\/{rel}","templated":true}]}}